{"id":31,"date":"2024-05-06T14:30:50","date_gmt":"2024-05-06T12:30:50","guid":{"rendered":"https:\/\/jnovtech.eu\/?page_id=31"},"modified":"2025-11-05T15:41:52","modified_gmt":"2025-11-05T14:41:52","slug":"contact","status":"publish","type":"page","link":"https:\/\/jnovtech.com\/en\/contact\/","title":{"rendered":"Contact"},"content":{"rendered":"<div class=\"wp-block-group has-global-padding is-layout-constrained wp-block-group-is-layout-constrained\">\n<div class=\"wp-block-columns is-layout-flex wp-container-core-columns-is-layout-d0b3c9c8 wp-block-columns-is-layout-flex\">\n<div class=\"wp-block-column is-style-tw-shadow gr_rad has-base-2-background-color has-background is-layout-flow wp-block-column-is-layout-flow tw-block-animation tw-animation-fade-in-up\" style=\"--col-width:40%;flex-basis:40%\">\n<div class=\"wp-block-group has-global-padding is-layout-constrained wp-container-core-group-is-layout-80fb368b wp-block-group-is-layout-constrained\" style=\"padding-top:var(--wp--preset--spacing--30);padding-right:var(--wp--preset--spacing--30);padding-bottom:var(--wp--preset--spacing--30);padding-left:var(--wp--preset--spacing--30)\">\n<h2 class=\"wp-block-heading\" style=\"font-size:clamp(1.125rem, 1.125rem + ((1vw - 0.2rem) * 0.625), 1.5rem);\">CONTACT US<\/h2>\n\n\n\n<p>For quick and detailed responses, prefer email:&nbsp;<\/p>\n\n\n\n<p>Commercial contact :<\/p>\n\n\n\n<div class=\"wp-block-buttons is-layout-flex wp-block-buttons-is-layout-flex\">\n<div class=\"wp-block-button\"><a class=\"wp-block-button__link wp-element-button\" href=\"mailto:sales@jnovtech.com\">sales@jnovtech.com<\/a><\/div>\n<\/div>\n\n\n\n<p>To become partner :&nbsp;<\/p>\n\n\n\n<div class=\"wp-block-buttons is-layout-flex wp-block-buttons-is-layout-flex\">\n<div class=\"wp-block-button\"><a class=\"wp-block-button__link wp-element-button\" href=\"mailto:fournisseur@jnovtech.com\">supplier@jnovtech.com<\/a><\/div>\n<\/div>\n\n\n\n<p>General questions:&nbsp;<\/p>\n\n\n\n<div class=\"wp-block-buttons is-layout-flex wp-block-buttons-is-layout-flex\">\n<div class=\"wp-block-button\"><a class=\"wp-block-button__link wp-element-button\" href=\"mailto:contact@jnovtech.com\">contact@jnovtech.com<\/a><\/div>\n<\/div>\n\n\n\n<p>Spontaneous application :<\/p>\n\n\n\n<div class=\"wp-block-buttons is-layout-flex wp-block-buttons-is-layout-flex\">\n<div class=\"wp-block-button\"><a class=\"wp-block-button__link wp-element-button\" href=\"mailto:recrutement@jnovtech.com\">recruitment@jnovtech.com<\/a><\/div>\n<\/div>\n\n\n\n<p>Technical support : <\/p>\n\n\n\n<div class=\"wp-block-buttons is-layout-flex wp-block-buttons-is-layout-flex\">\n<div class=\"wp-block-button\"><a class=\"wp-block-button__link wp-element-button\" href=\"mailto:support@jnovtech.com\">support@jnovtech.com<\/a><\/div>\n<\/div>\n\n\n\n<div class=\"wp-block-group is-vertical is-layout-flex wp-container-core-group-is-layout-fe9cc265 wp-block-group-is-layout-flex\">\n<hr style=\"width:100%; max-width:100%;height:0px;\" class=\"wp-block-separator has-text-color has-custom-font-color has-alpha-channel-opacity has-custom-font-background-color has-background is-style-default\"\/>\n\n\n\n<p class=\"has-small-font-size\">In case of emergency, call us at: <br>+33 5 36 03 04 17<\/p>\n\n\n\n<hr style=\"width:100%; max-width:100%;height:0px;\" class=\"wp-block-separator has-text-color has-custom-font-color has-alpha-channel-opacity has-custom-font-background-color has-background is-style-default\"\/>\n<\/div>\n\n\n\n<h3 class=\"wp-block-heading\" style=\"font-size:clamp(1.125rem, 1.125rem + ((1vw - 0.2rem) * 0.625), 1.5rem);\">OUR ADRESS<\/h3>\n\n\n\n<p>JNOV TECH<br>ZA de Rudelle 32600 LIAS<\/p>\n\n\n\n<div class=\"wp-block-buttons is-layout-flex wp-block-buttons-is-layout-flex\">\n<div class=\"wp-block-button\"><a class=\"wp-block-button__link wp-element-button\" href=\"https:\/\/www.google.com\/maps\/search\/ZA+de+Rudelle+32600+LIAS\/@43.581763,1.1294635,16z?entry=ttu\">See the google map<\/a><\/div>\n<\/div>\n\n\n\n<h3 class=\"wp-block-heading\" style=\"font-size:clamp(1.125rem, 1.125rem + ((1vw - 0.2rem) * 0.625), 1.5rem);\">OUR NETWORKS<\/h3>\n\n\n\n<div class=\"wp-block-group has-global-padding is-layout-constrained wp-block-group-is-layout-constrained\">\n<ul class=\"wp-block-social-links has-icon-color has-icon-background-color is-layout-flex wp-container-core-social-links-is-layout-994d6444 wp-block-social-links-is-layout-flex\"><li style=\"color:#f9f9f9;background-color:#0099cc;\" class=\"wp-social-link wp-social-link-linkedin has-base-color has-custom-accent-background-color wp-block-social-link\"><a href=\"https:\/\/www.linkedin.com\/company\/jnovtech\/\" class=\"wp-block-social-link-anchor\"><svg width=\"24\" height=\"24\" viewbox=\"0 0 24 24\" version=\"1.1\" xmlns=\"http:\/\/www.w3.org\/2000\/svg\" aria-hidden=\"true\" focusable=\"false\"><path d=\"M19.7,3H4.3C3.582,3,3,3.582,3,4.3v15.4C3,20.418,3.582,21,4.3,21h15.4c0.718,0,1.3-0.582,1.3-1.3V4.3 C21,3.582,20.418,3,19.7,3z M8.339,18.338H5.667v-8.59h2.672V18.338z M7.004,8.574c-0.857,0-1.549-0.694-1.549-1.548 c0-0.855,0.691-1.548,1.549-1.548c0.854,0,1.547,0.694,1.547,1.548C8.551,7.881,7.858,8.574,7.004,8.574z M18.339,18.338h-2.669 v-4.177c0-0.996-0.017-2.278-1.387-2.278c-1.389,0-1.601,1.086-1.601,2.206v4.249h-2.667v-8.59h2.559v1.174h0.037 c0.356-0.675,1.227-1.387,2.526-1.387c2.703,0,3.203,1.779,3.203,4.092V18.338z\"><\/path><\/svg><span class=\"wp-block-social-link-label screen-reader-text\">linkedin jnovtech<\/span><\/a><\/li>\n\n<li style=\"color:#f9f9f9;background-color:#0099cc;\" class=\"wp-social-link wp-social-link-youtube has-base-color has-custom-accent-background-color wp-block-social-link\"><a href=\"https:\/\/www.youtube.com\/@jnovtech\" class=\"wp-block-social-link-anchor\"><svg width=\"24\" height=\"24\" viewbox=\"0 0 24 24\" version=\"1.1\" xmlns=\"http:\/\/www.w3.org\/2000\/svg\" aria-hidden=\"true\" focusable=\"false\"><path d=\"M21.8,8.001c0,0-0.195-1.378-0.795-1.985c-0.76-0.797-1.613-0.801-2.004-0.847c-2.799-0.202-6.997-0.202-6.997-0.202 h-0.009c0,0-4.198,0-6.997,0.202C4.608,5.216,3.756,5.22,2.995,6.016C2.395,6.623,2.2,8.001,2.2,8.001S2,9.62,2,11.238v1.517 c0,1.618,0.2,3.237,0.2,3.237s0.195,1.378,0.795,1.985c0.761,0.797,1.76,0.771,2.205,0.855c1.6,0.153,6.8,0.201,6.8,0.201 s4.203-0.006,7.001-0.209c0.391-0.047,1.243-0.051,2.004-0.847c0.6-0.607,0.795-1.985,0.795-1.985s0.2-1.618,0.2-3.237v-1.517 C22,9.62,21.8,8.001,21.8,8.001z M9.935,14.594l-0.001-5.62l5.404,2.82L9.935,14.594z\"><\/path><\/svg><span class=\"wp-block-social-link-label screen-reader-text\">Youtube<\/span><\/a><\/li><\/ul>\n<\/div>\n<\/div>\n<\/div>\n\n\n\n<div class=\"wp-block-column is-layout-flow wp-block-column-is-layout-flow tw-block-animation tw-animation-fade-in-up\" style=\"--col-width:66.66%;flex-basis:66.66%\">\n<div class=\"wp-block-group has-global-padding is-layout-constrained wp-container-core-group-is-layout-80fb368b wp-block-group-is-layout-constrained\" style=\"padding-top:var(--wp--preset--spacing--30);padding-right:var(--wp--preset--spacing--30);padding-bottom:var(--wp--preset--spacing--30);padding-left:var(--wp--preset--spacing--30)\">\n<h2 class=\"wp-block-heading\" style=\"font-size:clamp(1.125rem, 1.125rem + ((1vw - 0.2rem) * 0.625), 1.5rem);\"><strong>Form<\/strong><\/h2>\n\n\n\n<div class=\"wp-block-group has-global-padding is-layout-constrained wp-block-group-is-layout-constrained\"><div class=\"wp-block-jetpack-contact-form is-style-outlined\"><a href=\"https:\/\/jnovtech.com\/en\/contact\/\" target=\"_blank\" rel=\"noopener noreferrer\">Submit a form.<\/a><\/div><\/div>\n<\/div>\n<\/div>\n<\/div>\n<\/div>\n\n\n\n<div style=\"height:5px\" aria-hidden=\"true\" class=\"wp-block-spacer\"><\/div>\n\n\n\n<div class=\"wp-block-group has-global-padding is-layout-constrained wp-container-core-group-is-layout-639b5052 wp-block-group-is-layout-constrained tw-block-animation tw-animation-fade-in-up\" style=\"border-radius:25px;padding-top:0;padding-right:0;padding-bottom:0;padding-left:0\">\n<iframe src=\"https:\/\/www.google.com\/maps\/embed?pb=!1m16!1m12!1m3!1d5780.379584694763!2d1.1294635367147343!3d43.58176295704514!2m3!1f0!2f0!3f0!3m2!1i1024!2i768!4f13.1!2m1!1sZA%20de%20Rudelle%2032600%20LIAS!5e0!3m2!1sfr!2sfr!4v1715018859793!5m2!1sfr!2sfr\" width=\"100%\" height=\"450\" style=\"border:0;\" allowfullscreen=\"\" loading=\"lazy\" referrerpolicy=\"no-referrer-when-downgrade\"><\/iframe>\n<\/div>\n\n\n\n<div style=\"height:50px\" aria-hidden=\"true\" class=\"wp-block-spacer\"><\/div>","protected":false},"excerpt":{"rendered":"<p>CONTACT US For quick and detailed answers, please use email: Sales contact: Become a partner: General questions: Unsolicited application: Technical support: In case of emergency, call us at: +33 5 36 03 04 17 OUR ADDRESS JNOV TECHZA de Rudelle 32600 LIAS OUR NETWORKS Form<\/p>","protected":false},"author":1,"featured_media":16,"parent":0,"menu_order":0,"comment_status":"closed","ping_status":"closed","template":"","meta":{"inline_featured_image":false,"footnotes":""},"class_list":["post-31","page","type-page","status-publish","has-post-thumbnail","hentry"],"yoast_head":"<!-- This site is optimized with the Yoast SEO plugin v26.3 - https:\/\/yoast.com\/wordpress\/plugins\/seo\/ -->\n<title>Contact - JNOV TECH<\/title>\n<meta name=\"robots\" content=\"index, follow, max-snippet:-1, max-image-preview:large, max-video-preview:-1\" \/>\n<link rel=\"canonical\" href=\"https:\/\/jnovtech.com\/en\/contact\/\" \/>\n<meta property=\"og:locale\" content=\"en_US\" \/>\n<meta property=\"og:type\" content=\"article\" \/>\n<meta property=\"og:title\" content=\"Contact - JNOV TECH\" \/>\n<meta property=\"og:description\" content=\"NOUS CONTACTER Pour des r\u00e9ponses rapides et d\u00e9taill\u00e9es, pr\u00e9f\u00e9rez l&#8217;email :&nbsp; Contact commercial : Devenir partenaire :&nbsp; Questions g\u00e9n\u00e9rales :&nbsp; Candidature spontan\u00e9e : Support technique : En cas d&rsquo;urgence, appelez-nous au : +33 5 36 03 04 17 NOTRE ADRESSE JNOV TECHZA de Rudelle 32600 LIAS NOS R\u00c9SEAUX Formulaire\" \/>\n<meta property=\"og:url\" content=\"https:\/\/jnovtech.com\/en\/contact\/\" \/>\n<meta property=\"og:site_name\" content=\"JNOV TECH\" \/>\n<meta property=\"article:modified_time\" content=\"2025-11-05T14:41:52+00:00\" \/>\n<meta property=\"og:image\" content=\"https:\/\/jnovtech.com\/wp-content\/uploads\/2024\/04\/jnovtech.jpg\" \/>\n\t<meta property=\"og:image:width\" content=\"1920\" \/>\n\t<meta property=\"og:image:height\" content=\"1080\" \/>\n\t<meta property=\"og:image:type\" content=\"image\/jpeg\" \/>\n<meta name=\"twitter:card\" content=\"summary_large_image\" \/>\n<meta name=\"twitter:label1\" content=\"Est. reading time\" \/>\n\t<meta name=\"twitter:data1\" content=\"1 minute\" \/>\n<script type=\"application\/ld+json\" class=\"yoast-schema-graph\">{\"@context\":\"https:\/\/schema.org\",\"@graph\":[{\"@type\":\"WebPage\",\"@id\":\"https:\/\/jnovtech.com\/contact\/\",\"url\":\"https:\/\/jnovtech.com\/contact\/\",\"name\":\"Contact - JNOV TECH\",\"isPartOf\":{\"@id\":\"https:\/\/jnovtech.com\/#website\"},\"primaryImageOfPage\":{\"@id\":\"https:\/\/jnovtech.com\/contact\/#primaryimage\"},\"image\":{\"@id\":\"https:\/\/jnovtech.com\/contact\/#primaryimage\"},\"thumbnailUrl\":\"https:\/\/i0.wp.com\/jnovtech.com\/wp-content\/uploads\/2024\/04\/jnovtech.jpg?fit=1920%2C1080&ssl=1\",\"datePublished\":\"2024-05-06T12:30:50+00:00\",\"dateModified\":\"2025-11-05T14:41:52+00:00\",\"breadcrumb\":{\"@id\":\"https:\/\/jnovtech.com\/contact\/#breadcrumb\"},\"inLanguage\":\"en-US\",\"potentialAction\":[{\"@type\":\"ReadAction\",\"target\":[\"https:\/\/jnovtech.com\/contact\/\"]}]},{\"@type\":\"ImageObject\",\"inLanguage\":\"en-US\",\"@id\":\"https:\/\/jnovtech.com\/contact\/#primaryimage\",\"url\":\"https:\/\/i0.wp.com\/jnovtech.com\/wp-content\/uploads\/2024\/04\/jnovtech.jpg?fit=1920%2C1080&ssl=1\",\"contentUrl\":\"https:\/\/i0.wp.com\/jnovtech.com\/wp-content\/uploads\/2024\/04\/jnovtech.jpg?fit=1920%2C1080&ssl=1\",\"width\":1920,\"height\":1080},{\"@type\":\"BreadcrumbList\",\"@id\":\"https:\/\/jnovtech.com\/contact\/#breadcrumb\",\"itemListElement\":[{\"@type\":\"ListItem\",\"position\":1,\"name\":\"Accueil\",\"item\":\"https:\/\/jnovtech.com\/\"},{\"@type\":\"ListItem\",\"position\":2,\"name\":\"Contact\"}]},{\"@type\":\"WebSite\",\"@id\":\"https:\/\/jnovtech.com\/#website\",\"url\":\"https:\/\/jnovtech.com\/\",\"name\":\"JNOV TECH\",\"description\":\"L\u2019innovation robotique au service de la manutention lourde\",\"publisher\":{\"@id\":\"https:\/\/jnovtech.com\/#organization\"},\"potentialAction\":[{\"@type\":\"SearchAction\",\"target\":{\"@type\":\"EntryPoint\",\"urlTemplate\":\"https:\/\/jnovtech.com\/?s={search_term_string}\"},\"query-input\":{\"@type\":\"PropertyValueSpecification\",\"valueRequired\":true,\"valueName\":\"search_term_string\"}}],\"inLanguage\":\"en-US\"},{\"@type\":\"Organization\",\"@id\":\"https:\/\/jnovtech.com\/#organization\",\"name\":\"L\u2019INNOVATION ROBOTIQUE AU SERVICE DE LA MANUTENTION LOURDE\",\"url\":\"https:\/\/jnovtech.com\/\",\"logo\":{\"@type\":\"ImageObject\",\"inLanguage\":\"en-US\",\"@id\":\"https:\/\/jnovtech.com\/#\/schema\/logo\/image\/\",\"url\":\"https:\/\/jnovtech.com\/wp-content\/uploads\/2024\/05\/logo.svg\",\"contentUrl\":\"https:\/\/jnovtech.com\/wp-content\/uploads\/2024\/05\/logo.svg\",\"width\":\"1024\",\"height\":\"1024\",\"caption\":\"L\u2019INNOVATION ROBOTIQUE AU SERVICE DE LA MANUTENTION LOURDE\"},\"image\":{\"@id\":\"https:\/\/jnovtech.com\/#\/schema\/logo\/image\/\"},\"sameAs\":[\"https:\/\/www.linkedin.com\/company\/jnovtech\/\",\"https:\/\/www.youtube.com\/@jnovtech\"]}]}<\/script>\n<!-- \/ Yoast SEO plugin. -->","yoast_head_json":{"title":"Contact - JNOV TECH","robots":{"index":"index","follow":"follow","max-snippet":"max-snippet:-1","max-image-preview":"max-image-preview:large","max-video-preview":"max-video-preview:-1"},"canonical":"https:\/\/jnovtech.com\/en\/contact\/","og_locale":"en_US","og_type":"article","og_title":"Contact - JNOV TECH","og_description":"NOUS CONTACTER Pour des r\u00e9ponses rapides et d\u00e9taill\u00e9es, pr\u00e9f\u00e9rez l&#8217;email :&nbsp; Contact commercial : Devenir partenaire :&nbsp; Questions g\u00e9n\u00e9rales :&nbsp; Candidature spontan\u00e9e : Support technique : En cas d&rsquo;urgence, appelez-nous au : +33 5 36 03 04 17 NOTRE ADRESSE JNOV TECHZA de Rudelle 32600 LIAS NOS R\u00c9SEAUX Formulaire","og_url":"https:\/\/jnovtech.com\/en\/contact\/","og_site_name":"JNOV TECH","article_modified_time":"2025-11-05T14:41:52+00:00","og_image":[{"width":1920,"height":1080,"url":"https:\/\/jnovtech.com\/wp-content\/uploads\/2024\/04\/jnovtech.jpg","type":"image\/jpeg"}],"twitter_card":"summary_large_image","twitter_misc":{"Est. reading time":"1 minute"},"schema":{"@context":"https:\/\/schema.org","@graph":[{"@type":"WebPage","@id":"https:\/\/jnovtech.com\/contact\/","url":"https:\/\/jnovtech.com\/contact\/","name":"Contact - JNOV TECH","isPartOf":{"@id":"https:\/\/jnovtech.com\/#website"},"primaryImageOfPage":{"@id":"https:\/\/jnovtech.com\/contact\/#primaryimage"},"image":{"@id":"https:\/\/jnovtech.com\/contact\/#primaryimage"},"thumbnailUrl":"https:\/\/i0.wp.com\/jnovtech.com\/wp-content\/uploads\/2024\/04\/jnovtech.jpg?fit=1920%2C1080&ssl=1","datePublished":"2024-05-06T12:30:50+00:00","dateModified":"2025-11-05T14:41:52+00:00","breadcrumb":{"@id":"https:\/\/jnovtech.com\/contact\/#breadcrumb"},"inLanguage":"en-US","potentialAction":[{"@type":"ReadAction","target":["https:\/\/jnovtech.com\/contact\/"]}]},{"@type":"ImageObject","inLanguage":"en-US","@id":"https:\/\/jnovtech.com\/contact\/#primaryimage","url":"https:\/\/i0.wp.com\/jnovtech.com\/wp-content\/uploads\/2024\/04\/jnovtech.jpg?fit=1920%2C1080&ssl=1","contentUrl":"https:\/\/i0.wp.com\/jnovtech.com\/wp-content\/uploads\/2024\/04\/jnovtech.jpg?fit=1920%2C1080&ssl=1","width":1920,"height":1080},{"@type":"BreadcrumbList","@id":"https:\/\/jnovtech.com\/contact\/#breadcrumb","itemListElement":[{"@type":"ListItem","position":1,"name":"Accueil","item":"https:\/\/jnovtech.com\/"},{"@type":"ListItem","position":2,"name":"Contact"}]},{"@type":"WebSite","@id":"https:\/\/jnovtech.com\/#website","url":"https:\/\/jnovtech.com\/","name":"JNOV TECH","description":"Robotic innovation for heavy handling","publisher":{"@id":"https:\/\/jnovtech.com\/#organization"},"potentialAction":[{"@type":"SearchAction","target":{"@type":"EntryPoint","urlTemplate":"https:\/\/jnovtech.com\/?s={search_term_string}"},"query-input":{"@type":"PropertyValueSpecification","valueRequired":true,"valueName":"search_term_string"}}],"inLanguage":"en-US"},{"@type":"Organization","@id":"https:\/\/jnovtech.com\/#organization","name":"ROBOTIC INNOVATION FOR HEAVY HANDLING","url":"https:\/\/jnovtech.com\/","logo":{"@type":"ImageObject","inLanguage":"en-US","@id":"https:\/\/jnovtech.com\/#\/schema\/logo\/image\/","url":"https:\/\/jnovtech.com\/wp-content\/uploads\/2024\/05\/logo.svg","contentUrl":"https:\/\/jnovtech.com\/wp-content\/uploads\/2024\/05\/logo.svg","width":"1024","height":"1024","caption":"L\u2019INNOVATION ROBOTIQUE AU SERVICE DE LA MANUTENTION LOURDE"},"image":{"@id":"https:\/\/jnovtech.com\/#\/schema\/logo\/image\/"},"sameAs":["https:\/\/www.linkedin.com\/company\/jnovtech\/","https:\/\/www.youtube.com\/@jnovtech"]}]}},"jetpack_sharing_enabled":true,"_links":{"self":[{"href":"https:\/\/jnovtech.com\/en\/wp-json\/wp\/v2\/pages\/31","targetHints":{"allow":["GET"]}}],"collection":[{"href":"https:\/\/jnovtech.com\/en\/wp-json\/wp\/v2\/pages"}],"about":[{"href":"https:\/\/jnovtech.com\/en\/wp-json\/wp\/v2\/types\/page"}],"author":[{"embeddable":true,"href":"https:\/\/jnovtech.com\/en\/wp-json\/wp\/v2\/users\/1"}],"replies":[{"embeddable":true,"href":"https:\/\/jnovtech.com\/en\/wp-json\/wp\/v2\/comments?post=31"}],"version-history":[{"count":0,"href":"https:\/\/jnovtech.com\/en\/wp-json\/wp\/v2\/pages\/31\/revisions"}],"wp:featuredmedia":[{"embeddable":true,"href":"https:\/\/jnovtech.com\/en\/wp-json\/wp\/v2\/media\/16"}],"wp:attachment":[{"href":"https:\/\/jnovtech.com\/en\/wp-json\/wp\/v2\/media?parent=31"}],"curies":[{"name":"wp","href":"https:\/\/api.w.org\/{rel}","templated":true}]}}