{"id":3,"date":"2024-04-30T11:16:20","date_gmt":"2024-04-30T09:16:20","guid":{"rendered":"http:\/\/jnovtech.eu\/?page_id=3"},"modified":"2024-07-03T13:50:41","modified_gmt":"2024-07-03T11:50:41","slug":"politique-de-confidentialite","status":"publish","type":"page","link":"https:\/\/jnovtech.com\/en\/politique-de-confidentialite\/","title":{"rendered":"Privacy Policy"},"content":{"rendered":"<div class=\"wp-block-group has-global-padding is-layout-constrained wp-block-group-is-layout-constrained\" style=\"padding-top:var(--wp--preset--spacing--50);padding-bottom:var(--wp--preset--spacing--50)\">\n<div class=\"wp-block-group tw-lg-hidden tw-md-hidden tw-sm-hidden has-global-padding is-layout-constrained wp-block-group-is-layout-constrained\">\n<h3 class=\"wp-block-heading\">Who are we ?<\/h3>\n\n\n\n<p><strong class=\"privacy-policy-tutorial\">Suggested text: <\/strong>Our site address is: https:\/\/jnovtech.com.<\/p>\n\n\n\n<h3 class=\"wp-block-heading\">Comments<\/h3>\n\n\n\n<p><strong class=\"privacy-policy-tutorial\">Suggested text: <\/strong>When you leave a comment on our site, the data entered in the comment form, as well as your IP address and the user agent of your browser are collected to help us detect unwanted comments.<\/p>\n\n\n\n<p>An anonymized string created from your email address (also called a hash) may be sent to the Gravatar service to check whether you are using it. The confidentiality provisions of the Gravatar service are available here: https:\/\/automattic.com\/privacy\/. After validation of your comment, your profile photo will be publicly visible next to your comment.<\/p>\n\n\n\n<h3 class=\"wp-block-heading\">Media<\/h3>\n\n\n\n<p><strong class=\"privacy-policy-tutorial\">Suggested text: <\/strong>If you upload images to the Site, we advise you to avoid uploading images that contain EXIF GPS coordinate data. People visiting your site can download and extract location data from these images.<\/p>\n\n\n\n<h3 class=\"wp-block-heading\">Cookies<\/h3>\n\n\n\n<p><strong class=\"privacy-policy-tutorial\">Suggested text: <\/strong>If you leave a comment on our site, you may be asked to save your name, email address and website in cookies. This is only for your convenience so that you do not have to fill in this information if you leave another comment later. These cookies expire after one year.<\/p>\n\n\n\n<p>If you go to the login page, a temporary cookie will be created to determine whether your browser accepts cookies. It does not contain personal data and will be deleted automatically when you close your browser.<\/p>\n\n\n\n<p>When you log in, we will set a number of cookies to save your login information and screen preferences. The lifespan of a connection cookie is two days, that of a screen option cookie is one year. If you check \u201cRemember me\u201d, your login cookie will be retained for two weeks. If you log out of your account, the login cookie will be deleted.<\/p>\n\n\n\n<p>By editing or publishing a post, an additional cookie will be stored in your browser. This cookie does not include any personal data. It simply shows the ID of the post you just edited. It expires after one day.<\/p>\n\n\n\n<h3 class=\"wp-block-heading\">Content embedded from other sites<\/h3>\n\n\n\n<p><strong class=\"privacy-policy-tutorial\">Suggested text: <\/strong>Articles on this site may include embedded content (e.g. videos, images, articles, etc.). Content embedded from other sites behaves the same as if the visitor went to that other site.<\/p>\n\n\n\n<p>These websites could collect data about you, use cookies, embed third-party tracking tools, track your interactions with this embedded content if you have an account connected to their website.<\/p>\n\n\n\n<h3 class=\"wp-block-heading\">Use and transmission of your personal data<\/h3>\n\n\n\n<p><strong class=\"privacy-policy-tutorial\">Suggested text: <\/strong>If you request a password reset, your IP address will be included in the reset email.<\/p>\n\n\n\n<h3 class=\"wp-block-heading\">Storage times for your data<\/h3>\n\n\n\n<p><strong class=\"privacy-policy-tutorial\">Suggested text: <\/strong>If you leave a comment, the comment and its metadata are retained indefinitely. This allows subsequent comments to be automatically recognized and approved instead of leaving them in the moderation queue.<\/p>\n\n\n\n<p>For accounts that register on our site (if applicable), we also store the personal data indicated in their profile. All accounts can view, edit or delete their personal information at any time (except their username). Site managers can also view and modify this information.<\/p>\n\n\n\n<h3 class=\"wp-block-heading\">The rights you have over your data<\/h3>\n\n\n\n<p><strong class=\"privacy-policy-tutorial\">Suggested text: <\/strong>If you have an account or have left comments on the site, you can request to receive a file containing all the personal data we have about you, including that you have provided to us. You can also request the deletion of personal data concerning you. This does not take into account data stored for administrative, legal or security purposes.<\/p>\n\n\n\n<h3 class=\"wp-block-heading\">Transmission of your personal data<\/h3>\n\n\n\n<p><strong class=\"privacy-policy-tutorial\">Suggested text: <\/strong>Visitor comments may be checked using an automated spam comment detection service.<\/p>\n<\/div>\n\n\n\n<div class=\"wp-block-group has-global-padding is-layout-constrained wp-block-group-is-layout-constrained\">\n<h3 class=\"wp-block-heading\" style=\"margin-top:var(--wp--preset--spacing--30);margin-bottom:var(--wp--preset--spacing--10)\">About Us<\/h3>\n\n\n\n<p>Our website address is: <a href=\"https:\/\/jnovtech.com\/en\/\">https:\/\/jnovtech.com<\/a>. This site was designed and developed by <a href=\"http:\/\/graphineo.com\">Graphineo<\/a>, expert in website creation.<\/p>\n\n\n\n<h3 class=\"wp-block-heading\" style=\"margin-top:var(--wp--preset--spacing--30);margin-bottom:var(--wp--preset--spacing--10)\">Comments<\/h3>\n\n\n\n<p>When you post a comment on our site, we collect the information you enter in the comment form, along with your IP address and browser details. This data helps us detect spam comments and ensure the security of our site.<\/p>\n\n\n\n<p>An anonymized version of your email address (called a hash) may be sent to the Gravatar service to check whether you are using it. You can view their privacy policy here: <a href=\"https:\/\/automattic.com\/privacy\/\">https:\/\/automattic.com\/privacy\/<\/a>. Once your comment is approved, your profile photo will be publicly visible next to your comment.<\/p>\n\n\n\n<h3 class=\"wp-block-heading\" style=\"margin-top:var(--wp--preset--spacing--30);margin-bottom:var(--wp--preset--spacing--10)\">Media<\/h3>\n\n\n\n<p>If you upload images to our site, we recommend that you remove EXIF data containing GPS information. Visitors can download and extract location information from images, which could compromise your privacy.<\/p>\n\n\n\n<h3 class=\"wp-block-heading\" style=\"margin-top:var(--wp--preset--spacing--30);margin-bottom:var(--wp--preset--spacing--10)\">Cookies<\/h3>\n\n\n\n<p>If you leave a comment on our site you may opt-in to saving your name, email address and website in cookies. This is for your convenience so that you do not have to re-enter this information for future comments. These cookies expire after one year.<\/p>\n\n\n\n<p>When you access our login page, a temporary cookie is created to check whether your browser accepts cookies. This cookie does not contain personal data and will be deleted when you close your browser.<\/p>\n\n\n\n<p>When you log in, we set up several cookies to save your login information and viewing preferences. A login cookie lasts two days, while a display preferences cookie lasts one year. If you select &quot;Remember me&quot;, your login cookie will be retained for two weeks. By logging out, the login cookie is deleted.<\/p>\n\n\n\n<p>If you edit or publish a post, an additional cookie is stored in your browser. This cookie does not contain any personal data; it simply identifies the ID of the post you just edited. It expires after one day.<\/p>\n\n\n\n<h3 class=\"wp-block-heading\" style=\"margin-top:var(--wp--preset--spacing--30);margin-bottom:var(--wp--preset--spacing--10)\">Embedded content from other sites<\/h3>\n\n\n\n<p>Articles on this site may include embedded content (videos, images, articles, etc.). Content embedded from other sites behaves the same as if you visited those sites directly.<\/p>\n\n\n\n<p>These sites may collect data about you, use cookies, embed third-party tracking tools, and track your interactions with this embedded content, including if you are logged in to their site.<\/p>\n\n\n\n<h3 class=\"wp-block-heading\" style=\"margin-top:var(--wp--preset--spacing--30);margin-bottom:var(--wp--preset--spacing--10)\">Use and transmission of your personal data<\/h3>\n\n\n\n<p>If you request a password reset, your IP address will be included in the reset email for security reasons.<\/p>\n\n\n\n<h3 class=\"wp-block-heading\" style=\"margin-top:var(--wp--preset--spacing--30);margin-bottom:var(--wp--preset--spacing--10)\">Duration of retention of your data<\/h3>\n\n\n\n<p>If you leave a comment, it and its metadata are retained indefinitely to enable recognition and automatic approval of subsequent comments, rather than holding them for moderation.<\/p>\n\n\n\n<p>For users registered on our site (if applicable), we also store the personal data indicated in their profile. All users can view, modify or delete their personal information at any time (except their username). Site administrators can also view and edit this information.<\/p>\n\n\n\n<h3 class=\"wp-block-heading\" style=\"margin-top:var(--wp--preset--spacing--30);margin-bottom:var(--wp--preset--spacing--10)\">Your rights regarding your data<\/h3>\n\n\n\n<p>In accordance with the GDPR and French legislation, you have rights regarding your personal data:<\/p>\n\n\n\n<ul class=\"wp-block-list\">\n<li><strong>Permission to access<\/strong> : You can request to receive a copy of the personal data we hold about you.<\/li>\n\n\n\n<li><strong>Right of rectification<\/strong> : You can request correction of incorrect or incomplete information.<\/li>\n\n\n\n<li><strong>Right to erasure<\/strong> : You can request the deletion of your personal data, unless we need to keep it for legal or administrative reasons.<\/li>\n\n\n\n<li><strong>Right to data portability<\/strong> : You can request to receive your data in a structured, commonly used and machine-readable format.<\/li>\n\n\n\n<li><strong>Right to restriction of processing<\/strong> : You can request the limitation of the processing of your data in certain situations.<\/li>\n<\/ul>\n\n\n\n<p>To exercise these rights, please contact us via our contact form or at the address indicated in our privacy policy.<\/p>\n\n\n\n<h3 class=\"wp-block-heading\" style=\"margin-top:var(--wp--preset--spacing--30);margin-bottom:var(--wp--preset--spacing--10)\">Transmission of your personal data<\/h3>\n\n\n\n<p>Visitor comments may be checked using an automated spam comment detection service.<\/p>\n\n\n\n<h3 class=\"wp-block-heading\" style=\"margin-top:var(--wp--preset--spacing--30);margin-bottom:var(--wp--preset--spacing--10)\">GDPR compliance<\/h3>\n\n\n\n<p>We are committed to respecting the General Data Protection Regulation (GDPR) of the European Union and the Data Protection Act in France. We implement appropriate security measures to protect your personal data against unauthorized use, loss or destruction. For more information, please see our full privacy policy.<\/p>\n\n\n\n<hr class=\"wp-block-separator has-alpha-channel-opacity\"\/>\n<\/div>\n<\/div>","protected":false},"excerpt":{"rendered":"<p>Who are we? Suggested text: Our website address is: https:\/\/jnovtech.com. Comments Suggested text: When you leave a comment on our site, the data entered in the comment form, as well as your IP address and the user agent of your browser are collected to help us detect unwanted comments. An anonymized string created [\u2026]<\/p>","protected":false},"author":1,"featured_media":0,"parent":0,"menu_order":0,"comment_status":"closed","ping_status":"open","template":"","meta":{"inline_featured_image":false,"footnotes":""},"class_list":["post-3","page","type-page","status-publish","hentry"],"yoast_head":"<!-- This site is optimized with the Yoast SEO plugin v26.3 - https:\/\/yoast.com\/wordpress\/plugins\/seo\/ -->\n<title>Politique de confidentialit\u00e9 - JNOV TECH<\/title>\n<meta name=\"robots\" content=\"index, follow, max-snippet:-1, max-image-preview:large, max-video-preview:-1\" \/>\n<link rel=\"canonical\" href=\"https:\/\/jnovtech.com\/en\/politique-de-confidentialite\/\" \/>\n<meta property=\"og:locale\" content=\"en_US\" \/>\n<meta property=\"og:type\" content=\"article\" \/>\n<meta property=\"og:title\" content=\"Politique de confidentialit\u00e9 - JNOV TECH\" \/>\n<meta property=\"og:description\" content=\"Qui sommes-nous&nbsp;? Texte sugg\u00e9r\u00e9&nbsp;: L\u2019adresse de notre site est&nbsp;: https:\/\/jnovtech.com. Commentaires Texte sugg\u00e9r\u00e9&nbsp;: Quand vous laissez un commentaire sur notre site, les donn\u00e9es inscrites dans le formulaire de commentaire, ainsi que votre adresse IP et l\u2019agent utilisateur de votre navigateur sont collect\u00e9s pour nous aider \u00e0 la d\u00e9tection des commentaires ind\u00e9sirables. Une cha\u00eene anonymis\u00e9e cr\u00e9\u00e9e [&hellip;]\" \/>\n<meta property=\"og:url\" content=\"https:\/\/jnovtech.com\/en\/politique-de-confidentialite\/\" \/>\n<meta property=\"og:site_name\" content=\"JNOV TECH\" \/>\n<meta property=\"article:modified_time\" content=\"2024-07-03T11:50:41+00:00\" \/>\n<meta name=\"twitter:card\" content=\"summary_large_image\" \/>\n<meta name=\"twitter:label1\" content=\"Est. reading time\" \/>\n\t<meta name=\"twitter:data1\" content=\"8 minutes\" \/>\n<script type=\"application\/ld+json\" class=\"yoast-schema-graph\">{\"@context\":\"https:\/\/schema.org\",\"@graph\":[{\"@type\":\"WebPage\",\"@id\":\"https:\/\/jnovtech.com\/politique-de-confidentialite\/\",\"url\":\"https:\/\/jnovtech.com\/politique-de-confidentialite\/\",\"name\":\"Politique de confidentialit\u00e9 - JNOV TECH\",\"isPartOf\":{\"@id\":\"https:\/\/jnovtech.com\/#website\"},\"datePublished\":\"2024-04-30T09:16:20+00:00\",\"dateModified\":\"2024-07-03T11:50:41+00:00\",\"breadcrumb\":{\"@id\":\"https:\/\/jnovtech.com\/politique-de-confidentialite\/#breadcrumb\"},\"inLanguage\":\"en-US\",\"potentialAction\":[{\"@type\":\"ReadAction\",\"target\":[\"https:\/\/jnovtech.com\/politique-de-confidentialite\/\"]}]},{\"@type\":\"BreadcrumbList\",\"@id\":\"https:\/\/jnovtech.com\/politique-de-confidentialite\/#breadcrumb\",\"itemListElement\":[{\"@type\":\"ListItem\",\"position\":1,\"name\":\"Accueil\",\"item\":\"https:\/\/jnovtech.com\/\"},{\"@type\":\"ListItem\",\"position\":2,\"name\":\"Politique de confidentialit\u00e9\"}]},{\"@type\":\"WebSite\",\"@id\":\"https:\/\/jnovtech.com\/#website\",\"url\":\"https:\/\/jnovtech.com\/\",\"name\":\"JNOV TECH\",\"description\":\"L\u2019innovation robotique au service de la manutention lourde\",\"publisher\":{\"@id\":\"https:\/\/jnovtech.com\/#organization\"},\"potentialAction\":[{\"@type\":\"SearchAction\",\"target\":{\"@type\":\"EntryPoint\",\"urlTemplate\":\"https:\/\/jnovtech.com\/?s={search_term_string}\"},\"query-input\":{\"@type\":\"PropertyValueSpecification\",\"valueRequired\":true,\"valueName\":\"search_term_string\"}}],\"inLanguage\":\"en-US\"},{\"@type\":\"Organization\",\"@id\":\"https:\/\/jnovtech.com\/#organization\",\"name\":\"L\u2019INNOVATION ROBOTIQUE AU SERVICE DE LA MANUTENTION LOURDE\",\"url\":\"https:\/\/jnovtech.com\/\",\"logo\":{\"@type\":\"ImageObject\",\"inLanguage\":\"en-US\",\"@id\":\"https:\/\/jnovtech.com\/#\/schema\/logo\/image\/\",\"url\":\"https:\/\/jnovtech.com\/wp-content\/uploads\/2024\/05\/logo.svg\",\"contentUrl\":\"https:\/\/jnovtech.com\/wp-content\/uploads\/2024\/05\/logo.svg\",\"width\":\"1024\",\"height\":\"1024\",\"caption\":\"L\u2019INNOVATION ROBOTIQUE AU SERVICE DE LA MANUTENTION LOURDE\"},\"image\":{\"@id\":\"https:\/\/jnovtech.com\/#\/schema\/logo\/image\/\"},\"sameAs\":[\"https:\/\/www.linkedin.com\/company\/jnovtech\/\",\"https:\/\/www.youtube.com\/@jnovtech\"]}]}<\/script>\n<!-- \/ Yoast SEO plugin. -->","yoast_head_json":{"title":"Politique de confidentialit\u00e9 - JNOV TECH","robots":{"index":"index","follow":"follow","max-snippet":"max-snippet:-1","max-image-preview":"max-image-preview:large","max-video-preview":"max-video-preview:-1"},"canonical":"https:\/\/jnovtech.com\/en\/politique-de-confidentialite\/","og_locale":"en_US","og_type":"article","og_title":"Politique de confidentialit\u00e9 - JNOV TECH","og_description":"Qui sommes-nous&nbsp;? Texte sugg\u00e9r\u00e9&nbsp;: L\u2019adresse de notre site est&nbsp;: https:\/\/jnovtech.com. Commentaires Texte sugg\u00e9r\u00e9&nbsp;: Quand vous laissez un commentaire sur notre site, les donn\u00e9es inscrites dans le formulaire de commentaire, ainsi que votre adresse IP et l\u2019agent utilisateur de votre navigateur sont collect\u00e9s pour nous aider \u00e0 la d\u00e9tection des commentaires ind\u00e9sirables. Une cha\u00eene anonymis\u00e9e cr\u00e9\u00e9e [&hellip;]","og_url":"https:\/\/jnovtech.com\/en\/politique-de-confidentialite\/","og_site_name":"JNOV TECH","article_modified_time":"2024-07-03T11:50:41+00:00","twitter_card":"summary_large_image","twitter_misc":{"Est. reading time":"8 minutes"},"schema":{"@context":"https:\/\/schema.org","@graph":[{"@type":"WebPage","@id":"https:\/\/jnovtech.com\/politique-de-confidentialite\/","url":"https:\/\/jnovtech.com\/politique-de-confidentialite\/","name":"Politique de confidentialit\u00e9 - JNOV TECH","isPartOf":{"@id":"https:\/\/jnovtech.com\/#website"},"datePublished":"2024-04-30T09:16:20+00:00","dateModified":"2024-07-03T11:50:41+00:00","breadcrumb":{"@id":"https:\/\/jnovtech.com\/politique-de-confidentialite\/#breadcrumb"},"inLanguage":"en-US","potentialAction":[{"@type":"ReadAction","target":["https:\/\/jnovtech.com\/politique-de-confidentialite\/"]}]},{"@type":"BreadcrumbList","@id":"https:\/\/jnovtech.com\/politique-de-confidentialite\/#breadcrumb","itemListElement":[{"@type":"ListItem","position":1,"name":"Accueil","item":"https:\/\/jnovtech.com\/"},{"@type":"ListItem","position":2,"name":"Politique de confidentialit\u00e9"}]},{"@type":"WebSite","@id":"https:\/\/jnovtech.com\/#website","url":"https:\/\/jnovtech.com\/","name":"JNOV TECH","description":"Robotic innovation for heavy handling","publisher":{"@id":"https:\/\/jnovtech.com\/#organization"},"potentialAction":[{"@type":"SearchAction","target":{"@type":"EntryPoint","urlTemplate":"https:\/\/jnovtech.com\/?s={search_term_string}"},"query-input":{"@type":"PropertyValueSpecification","valueRequired":true,"valueName":"search_term_string"}}],"inLanguage":"en-US"},{"@type":"Organization","@id":"https:\/\/jnovtech.com\/#organization","name":"ROBOTIC INNOVATION FOR HEAVY HANDLING","url":"https:\/\/jnovtech.com\/","logo":{"@type":"ImageObject","inLanguage":"en-US","@id":"https:\/\/jnovtech.com\/#\/schema\/logo\/image\/","url":"https:\/\/jnovtech.com\/wp-content\/uploads\/2024\/05\/logo.svg","contentUrl":"https:\/\/jnovtech.com\/wp-content\/uploads\/2024\/05\/logo.svg","width":"1024","height":"1024","caption":"L\u2019INNOVATION ROBOTIQUE AU SERVICE DE LA MANUTENTION LOURDE"},"image":{"@id":"https:\/\/jnovtech.com\/#\/schema\/logo\/image\/"},"sameAs":["https:\/\/www.linkedin.com\/company\/jnovtech\/","https:\/\/www.youtube.com\/@jnovtech"]}]}},"jetpack_sharing_enabled":true,"_links":{"self":[{"href":"https:\/\/jnovtech.com\/en\/wp-json\/wp\/v2\/pages\/3","targetHints":{"allow":["GET"]}}],"collection":[{"href":"https:\/\/jnovtech.com\/en\/wp-json\/wp\/v2\/pages"}],"about":[{"href":"https:\/\/jnovtech.com\/en\/wp-json\/wp\/v2\/types\/page"}],"author":[{"embeddable":true,"href":"https:\/\/jnovtech.com\/en\/wp-json\/wp\/v2\/users\/1"}],"replies":[{"embeddable":true,"href":"https:\/\/jnovtech.com\/en\/wp-json\/wp\/v2\/comments?post=3"}],"version-history":[{"count":0,"href":"https:\/\/jnovtech.com\/en\/wp-json\/wp\/v2\/pages\/3\/revisions"}],"wp:attachment":[{"href":"https:\/\/jnovtech.com\/en\/wp-json\/wp\/v2\/media?parent=3"}],"curies":[{"name":"wp","href":"https:\/\/api.w.org\/{rel}","templated":true}]}}